{"id":84,"date":"2024-12-18T13:34:11","date_gmt":"2024-12-18T13:34:11","guid":{"rendered":"http:\/\/www.haukilahti.com\/?page_id=84"},"modified":"2024-12-18T21:07:38","modified_gmt":"2024-12-18T18:07:38","slug":"yrityksen-historia","status":"publish","type":"page","link":"https:\/\/www.haukilahti.com\/?page_id=84","title":{"rendered":"Yrityksen historia"},"content":{"rendered":"\n<figure class=\"wp-block-image size-large\"><img loading=\"lazy\" decoding=\"async\" width=\"1024\" height=\"789\" src=\"http:\/\/www.haukilahti.com\/wp-content\/uploads\/2024\/12\/cropped-cropped-22032011058-1-scaled-1-1024x789.jpg\" alt=\"\" class=\"wp-image-14\" srcset=\"https:\/\/www.haukilahti.com\/wp-content\/uploads\/2024\/12\/cropped-cropped-22032011058-1-scaled-1-1024x789.jpg 1024w, https:\/\/www.haukilahti.com\/wp-content\/uploads\/2024\/12\/cropped-cropped-22032011058-1-scaled-1-300x231.jpg 300w, https:\/\/www.haukilahti.com\/wp-content\/uploads\/2024\/12\/cropped-cropped-22032011058-1-scaled-1-768x592.jpg 768w, https:\/\/www.haukilahti.com\/wp-content\/uploads\/2024\/12\/cropped-cropped-22032011058-1-scaled-1-1536x1184.jpg 1536w, https:\/\/www.haukilahti.com\/wp-content\/uploads\/2024\/12\/cropped-cropped-22032011058-1-scaled-1.jpg 1600w\" sizes=\"auto, (max-width: 1024px) 100vw, 1024px\" \/><\/figure>\n\n\n\n<div style=\"height:51px\" aria-hidden=\"true\" class=\"wp-block-spacer\"><\/div>\n\n\n\n<p class=\"has-vivid-red-color has-text-color has-link-color wp-elements-15e6e1c1702c06fe042b351aabbf5908\" style=\"font-size:25px\"><strong>Historia<\/strong><\/p>\n\n\n\n<p>Yritys on perustettu vuonna 2004, jolloin maatilalla oli viel\u00e4 maitotaloutta. Ensin ostettiin kaivinkone maatilan t\u00f6it\u00e4 varten, mutta pian huomattiin, ett\u00e4 tarvitaan my\u00f6s kuljetuskalustoa maansiirtot\u00f6ihin. Maatila ei saanut liikennelupaa kuorma-autoon, joten perustettiin kommandiittiyhti\u00f6, jonka \u00e4\u00e4nett\u00f6m\u00e4ksi yhti\u00f6mieheksi tuli yritt\u00e4j\u00e4n vaimo.<\/p>\n\n\n\n<p>Toiminta oli melko v\u00e4h\u00e4ist\u00e4 vuoteen 2008 saakka. Kyyj\u00e4rvel\u00e4inen betonielementtitehdas Betset Oy kauppasi omaa kuljetuskalustoaan, jonka yritt\u00e4j\u00e4 sitten osti ja kaupan mukana siirtyiv\u00e4t my\u00f6s yrityksen kuljetukset. T\u00e4st\u00e4 alkoi toiminnan kehittyminen.<\/p>\n\n\n\n<p>Seuraavana vuonna ostettiin yksi uusi auto ja vuonna 2010 kolme autoa lis\u00e4\u00e4. Nyky\u00e4\u00e4n yrityksell\u00e4 on viisi liikennelupaa ja kolme puoliper\u00e4veturia sek\u00e4 erilaisia per\u00e4vaunuja mm. erikoiskuljetuksia varten. Kaluston m\u00e4\u00e4r\u00e4 vaihtelee suhdanteiden mukaan. Kalustolla voidaan kuljettaa hyvin monenlaisia tuotteita. Aktiivisessa myyntity\u00f6ss\u00e4 pyrit\u00e4\u00e4n siihen, ett\u00e4 tyhji\u00e4 kuormia ei tarvitsisi ajaa. Liikevaihto on reilu puoli miljoonaa euroa.<\/p>\n\n\n\n<p>Yhteisty\u00f6kumppaneita kuljetuspuolella on 3-4, joista t\u00e4rkein on halsualainen Hietalahti ja Pojat Oy. Yrityksell\u00e4 on kokemusta my\u00f6s muusta yhteisty\u00f6st\u00e4. Haukilahdentien rakennusurakoinnissa oli mukana kuusi alihankkijaa. Hyvien yhteisty\u00f6kumppaneiden ansiosta voidaan tehd\u00e4 tarjouksia isoista ja haastavistakin urakoista.<\/p>\n\n\n\n<p>Suurin yksitt\u00e4inen asiakas on Termater Oy, jonka elementtituotannon kuljetuksesta yritys vastaa. Toinen isompi asiakas on Betset, joka valmistaa betonielementtej\u00e4.<\/p>\n\n\n\n<p>Termater Oy:n kanssa on tehty alihankintasopimus kattoelementtien valmistuksesta ja asennuksesta. Yhteisty\u00f6 Termaterin kanssa on hyvin joustavaa.<\/p>\n\n\n\n<p>Ty\u00f6ntekij\u00f6it\u00e4 on yritt\u00e4j\u00e4n lis\u00e4ksi parhaimmillaan 9, joista moni on l\u00e4ht\u00f6isin Haukilahdesta. Kuljetuksista vastaa viisi miest\u00e4. Ty\u00f6ntekij\u00e4t ovat monitaitoisia ja joustavia vastaanottamaan erilaisia t\u00f6it\u00e4. Sen ansiosta on voitu tehd\u00e4 asennus- ja valmistust\u00f6it\u00e4 kuljetust\u00f6iden lis\u00e4ksi.<\/p>\n\n\n\n<p>Tulevaisuuden n\u00e4kym\u00e4t ovat valoisat. Kasvua haetaan l\u00e4hinn\u00e4 asennustoiminnasta. Kalustoa varten rakennetaan hallitila, jossa voidaan tehd\u00e4 my\u00f6s kaluston huolto- ja korjausty\u00f6t.<\/p>\n\n\n\n<p>Maatilalla jatketaan hiehojen kasvatusta ainakin toistaiseksi.<\/p>\n\n\n\n<p class=\"has-vivid-red-color has-text-color has-link-color wp-elements-c228319228f0fb0c4e717dd8efb56c2e\" style=\"font-size:25px\"><strong>Vuoden yritt\u00e4j\u00e4 2013<\/strong><\/p>\n\n\n\n<p>Koneurakointi &amp; Kuljetus T.Haukilahti valittiin Vetelin vuoden yritt\u00e4j\u00e4ksi vuonna 2013.<\/p>\n","protected":false},"excerpt":{"rendered":"<p>Historia Yritys on perustettu vuonna 2004, jolloin maatilalla oli viel\u00e4 maitotaloutta. Ensin ostettiin kaivinkone maatilan t\u00f6it\u00e4 varten, mutta pian huomattiin, ett\u00e4 tarvitaan my\u00f6s kuljetuskalustoa maansiirtot\u00f6ihin. Maatila ei saanut liikennelupaa kuorma-autoon, joten perustettiin kommandiittiyhti\u00f6, jonka \u00e4\u00e4nett\u00f6m\u00e4ksi yhti\u00f6mieheksi tuli yritt\u00e4j\u00e4n vaimo. Toiminta &hellip;<\/p>\n<p class=\"read-more\"> <a class=\"more-link\" href=\"https:\/\/www.haukilahti.com\/?page_id=84\"> <span class=\"screen-reader-text\">Yrityksen historia<\/span> Lue lis\u00e4\u00e4 &raquo;<\/a><\/p>\n","protected":false},"author":1,"featured_media":0,"parent":0,"menu_order":0,"comment_status":"closed","ping_status":"closed","template":"","meta":{"footnotes":""},"class_list":["post-84","page","type-page","status-publish","hentry"],"_links":{"self":[{"href":"https:\/\/www.haukilahti.com\/index.php?rest_route=\/wp\/v2\/pages\/84","targetHints":{"allow":["GET"]}}],"collection":[{"href":"https:\/\/www.haukilahti.com\/index.php?rest_route=\/wp\/v2\/pages"}],"about":[{"href":"https:\/\/www.haukilahti.com\/index.php?rest_route=\/wp\/v2\/types\/page"}],"author":[{"embeddable":true,"href":"https:\/\/www.haukilahti.com\/index.php?rest_route=\/wp\/v2\/users\/1"}],"replies":[{"embeddable":true,"href":"https:\/\/www.haukilahti.com\/index.php?rest_route=%2Fwp%2Fv2%2Fcomments&post=84"}],"version-history":[{"count":12,"href":"https:\/\/www.haukilahti.com\/index.php?rest_route=\/wp\/v2\/pages\/84\/revisions"}],"predecessor-version":[{"id":190,"href":"https:\/\/www.haukilahti.com\/index.php?rest_route=\/wp\/v2\/pages\/84\/revisions\/190"}],"wp:attachment":[{"href":"https:\/\/www.haukilahti.com\/index.php?rest_route=%2Fwp%2Fv2%2Fmedia&parent=84"}],"curies":[{"name":"wp","href":"https:\/\/api.w.org\/{rel}","templated":true}]}}